{"id":463,"date":"2023-08-15T06:43:51","date_gmt":"2023-08-15T06:43:51","guid":{"rendered":"https:\/\/qirattery.oppned.com\/?page_id=463"},"modified":"2024-01-12T15:28:49","modified_gmt":"2024-01-12T15:28:49","slug":"qi-tyr","status":"publish","type":"page","link":"https:\/\/qirattery.oppned.com\/index.php\/norron-linje\/kull-1-2023\/qi-tyr\/","title":{"rendered":"QI-T\u00fdr"},"content":{"rendered":"\n<figure class=\"wp-block-image size-full is-resized\"><img loading=\"lazy\" decoding=\"async\" src=\"https:\/\/qirattery.oppned.com\/wp-content\/uploads\/2023\/08\/IMG_20230817_082750_HDR2.jpg\" alt=\"\" class=\"wp-image-472\" width=\"331\" height=\"360\" srcset=\"https:\/\/qirattery.oppned.com\/wp-content\/uploads\/2023\/08\/IMG_20230817_082750_HDR2.jpg 867w, https:\/\/qirattery.oppned.com\/wp-content\/uploads\/2023\/08\/IMG_20230817_082750_HDR2-275x300.jpg 275w, https:\/\/qirattery.oppned.com\/wp-content\/uploads\/2023\/08\/IMG_20230817_082750_HDR2-768x837.jpg 768w\" sizes=\"(max-width: 331px) 100vw, 331px\" \/><\/figure>\n\n\n\n<p>S\u00f8nn av <a href=\"https:\/\/qirattery.oppned.com\/index.php\/qirattery\/hermine\/\">Hermine<\/a> og <a href=\"https:\/\/qirattery.oppned.com\/index.php\/qirattery\/simenrud\/\">Simenrud<\/a><\/p>\n\n\n\n<p>F\u00f8dt: 05\/08\/23<\/p>\n\n\n\n<p>Fenotype*: Russian Blue Berkshire<\/p>\n\n\n\n<p>Genotype*: aa B- C- dd dudu G- Hh M- P- R- REre RO-<\/p>\n\n\n\n<p>Mulig b\u00e6rer av: blue (g) fra mor og roan (ro) fra far<\/p>\n\n\n\n<p>\u00c5pnet \u00f8ynene: 18\/08-23<\/p>\n\n\n\n<p>vekt<\/p>\n\n\n\n<p>18\/08-23: 47 g<\/p>\n\n\n\n<p>20\/08-23: 53g<\/p>\n\n\n\n<p>06\/09-23: 157g<\/p>\n\n\n\n<p>08\/09-23: 172g<\/p>\n\n\n\n<p>10\/09-23: 187g<\/p>\n\n\n\n<p>11\/09-23: 190g<\/p>\n\n\n\n<p>14\/09-23: 215g<\/p>\n\n\n\n<p>12\/01-24: 574g<\/p>\n\n\n\n<p>*utfra det som kan ses av fenotype per 15\/08 og foreldres genotype<\/p>\n","protected":false},"excerpt":{"rendered":"<p>S\u00f8nn av Hermine og Simenrud F\u00f8dt: 05\/08\/23 Fenotype*: Russian Blue Berkshire Genotype*: aa B- C- dd dudu G- Hh M- P- R- REre RO- Mulig b\u00e6rer av: blue (g) fra mor og roan (ro) fra far \u00c5pnet \u00f8ynene: 18\/08-23 vekt 18\/08-23: 47 g 20\/08-23: 53g 06\/09-23: 157g 08\/09-23: 172g 10\/09-23: 187g 11\/09-23: 190g 14\/09-23: 215g [&hellip;]<\/p>\n","protected":false},"author":1,"featured_media":0,"parent":399,"menu_order":0,"comment_status":"closed","ping_status":"closed","template":"","meta":{"footnotes":""},"_links":{"self":[{"href":"https:\/\/qirattery.oppned.com\/index.php\/wp-json\/wp\/v2\/pages\/463"}],"collection":[{"href":"https:\/\/qirattery.oppned.com\/index.php\/wp-json\/wp\/v2\/pages"}],"about":[{"href":"https:\/\/qirattery.oppned.com\/index.php\/wp-json\/wp\/v2\/types\/page"}],"author":[{"embeddable":true,"href":"https:\/\/qirattery.oppned.com\/index.php\/wp-json\/wp\/v2\/users\/1"}],"replies":[{"embeddable":true,"href":"https:\/\/qirattery.oppned.com\/index.php\/wp-json\/wp\/v2\/comments?post=463"}],"version-history":[{"count":18,"href":"https:\/\/qirattery.oppned.com\/index.php\/wp-json\/wp\/v2\/pages\/463\/revisions"}],"predecessor-version":[{"id":681,"href":"https:\/\/qirattery.oppned.com\/index.php\/wp-json\/wp\/v2\/pages\/463\/revisions\/681"}],"up":[{"embeddable":true,"href":"https:\/\/qirattery.oppned.com\/index.php\/wp-json\/wp\/v2\/pages\/399"}],"wp:attachment":[{"href":"https:\/\/qirattery.oppned.com\/index.php\/wp-json\/wp\/v2\/media?parent=463"}],"curies":[{"name":"wp","href":"https:\/\/api.w.org\/{rel}","templated":true}]}}