{"id":43,"date":"2022-10-22T20:52:15","date_gmt":"2022-10-22T20:52:15","guid":{"rendered":"https:\/\/qirattery.oppned.com\/?page_id=43"},"modified":"2024-01-13T10:05:24","modified_gmt":"2024-01-13T10:05:24","slug":"hermine","status":"publish","type":"page","link":"https:\/\/qirattery.oppned.com\/index.php\/qirattery\/pensjonert\/hermine\/","title":{"rendered":"Hermine"},"content":{"rendered":"\n<figure class=\"wp-block-gallery has-nested-images columns-4 is-cropped wp-block-gallery-1 is-layout-flex wp-block-gallery-is-layout-flex\">\n<figure class=\"wp-block-image size-thumbnail\"><img loading=\"lazy\" decoding=\"async\" width=\"150\" height=\"150\" data-id=\"232\" src=\"https:\/\/qirattery.oppned.com\/wp-content\/uploads\/2022\/11\/IMG_20221127_111059_HDR-scaled-e1669577695624-150x150.jpg\" alt=\"\" class=\"wp-image-232\"\/><\/figure>\n\n\n\n<figure class=\"wp-block-image size-thumbnail\"><img loading=\"lazy\" decoding=\"async\" width=\"1081\" height=\"1014\" data-id=\"298\" src=\"https:\/\/qirattery.oppned.com\/wp-content\/uploads\/2022\/12\/IMG_20221129_192809_HDR3-e1669936563702.jpg\" alt=\"\" class=\"wp-image-298\" srcset=\"https:\/\/qirattery.oppned.com\/wp-content\/uploads\/2022\/12\/IMG_20221129_192809_HDR3-e1669936563702.jpg 1081w, https:\/\/qirattery.oppned.com\/wp-content\/uploads\/2022\/12\/IMG_20221129_192809_HDR3-e1669936563702-300x281.jpg 300w, https:\/\/qirattery.oppned.com\/wp-content\/uploads\/2022\/12\/IMG_20221129_192809_HDR3-e1669936563702-1024x961.jpg 1024w, https:\/\/qirattery.oppned.com\/wp-content\/uploads\/2022\/12\/IMG_20221129_192809_HDR3-e1669936563702-768x720.jpg 768w\" sizes=\"(max-width: 1081px) 100vw, 1081px\" \/><\/figure>\n\n\n\n<figure class=\"wp-block-image size-thumbnail\"><img loading=\"lazy\" decoding=\"async\" width=\"150\" height=\"150\" data-id=\"296\" src=\"https:\/\/qirattery.oppned.com\/wp-content\/uploads\/2022\/12\/IMG_20221130_172047-scaled-e1669936017146-150x150.jpg\" alt=\"\" class=\"wp-image-296\"\/><\/figure>\n\n\n\n<figure class=\"wp-block-image size-thumbnail\"><img loading=\"lazy\" decoding=\"async\" width=\"150\" height=\"150\" data-id=\"295\" src=\"https:\/\/qirattery.oppned.com\/wp-content\/uploads\/2022\/12\/IMG_20221130_203956_HDR-scaled-e1669936032278-150x150.jpg\" alt=\"\" class=\"wp-image-295\"\/><\/figure>\n<\/figure>\n\n\n\n<p>Stamtavlenavn: RatUOuts Ratterys Hermine<br>Kallenavn: Hermine<br>Kulltema: Harry Potter<br><em>F\u00f8dt:<\/em> <br><em>Reg.nr.:<\/em><br><em>Fenotype:<\/em> RBL wheaten Burmese Berkshire Dumbo Rex<br><em>Genotype:<\/em> <em>A- B- cc dd<\/em> -g Hh M- P- R- Rere<br><em>Mulig b\u00e6rer av:<\/em> <br>husky\/roan<br><br><a href=\"http:\/\/ratalog.se\/pp\/share\/showped.php?id=Ratuout%27s%20Hermine&amp;titlecolor=000000&amp;textsize=2&amp;framecolor=D9D9D9&amp;fontstyle=Tahoma&amp;db=pedigree&amp;gens=5&amp;picgens=2\">Stamtavle i ratalog<\/a><\/p>\n\n\n\n<p>Avlsstatus: 1 kull f. 5 aug -23, ingen flere kull planlagt.<\/p>\n\n\n\n<p><em>Hermine er dem roligste av jentene s\u00e5langt her i huset, hun vil gjerne sitte p\u00e5 skuldra og v\u00e6re med p\u00e5 husarbeid, og liker \u00e5 v\u00e6re i lag med og kose.<\/em><\/p>\n\n\n\n<ul><li>10\/12-22: 212g<\/li><li>07\/01-23: 289g<\/li><li>22\/01-23: 312g<\/li><li>10\/07-22: 370g<\/li><li>17\/07-23: 380g<\/li><li>20\/07-23: 390g<\/li><li>23\/06-23: 391g<\/li><li>26\/06-23: 403g<\/li><li>29\/07-23: 420g<\/li><li>02\/08-23: 427g<\/li><li>03\/08-23: 434g<\/li><li>f\u00f8dte den 05\/08-23<\/li><li>10\/08-23: 395g<\/li><li>16\/08-23: 388g<\/li><li>06\/09-23: 382<\/li><li>09\/09-23: 380<\/li><li>17\/10-23: 382<\/li><li>13\/01-24: 389<\/li><\/ul>\n","protected":false},"excerpt":{"rendered":"<p>Stamtavlenavn: RatUOuts Ratterys HermineKallenavn: HermineKulltema: Harry PotterF\u00f8dt: Reg.nr.:Fenotype: RBL wheaten Burmese Berkshire Dumbo RexGenotype: A- B- cc dd -g Hh M- P- R- RereMulig b\u00e6rer av: husky\/roan Stamtavle i ratalog Avlsstatus: 1 kull f. 5 aug -23, ingen flere kull planlagt. Hermine er dem roligste av jentene s\u00e5langt her i huset, hun vil gjerne sitte [&hellip;]<\/p>\n","protected":false},"author":1,"featured_media":0,"parent":592,"menu_order":0,"comment_status":"closed","ping_status":"closed","template":"","meta":{"footnotes":""},"_links":{"self":[{"href":"https:\/\/qirattery.oppned.com\/index.php\/wp-json\/wp\/v2\/pages\/43"}],"collection":[{"href":"https:\/\/qirattery.oppned.com\/index.php\/wp-json\/wp\/v2\/pages"}],"about":[{"href":"https:\/\/qirattery.oppned.com\/index.php\/wp-json\/wp\/v2\/types\/page"}],"author":[{"embeddable":true,"href":"https:\/\/qirattery.oppned.com\/index.php\/wp-json\/wp\/v2\/users\/1"}],"replies":[{"embeddable":true,"href":"https:\/\/qirattery.oppned.com\/index.php\/wp-json\/wp\/v2\/comments?post=43"}],"version-history":[{"count":55,"href":"https:\/\/qirattery.oppned.com\/index.php\/wp-json\/wp\/v2\/pages\/43\/revisions"}],"predecessor-version":[{"id":698,"href":"https:\/\/qirattery.oppned.com\/index.php\/wp-json\/wp\/v2\/pages\/43\/revisions\/698"}],"up":[{"embeddable":true,"href":"https:\/\/qirattery.oppned.com\/index.php\/wp-json\/wp\/v2\/pages\/592"}],"wp:attachment":[{"href":"https:\/\/qirattery.oppned.com\/index.php\/wp-json\/wp\/v2\/media?parent=43"}],"curies":[{"name":"wp","href":"https:\/\/api.w.org\/{rel}","templated":true}]}}