{"id":41,"date":"2022-10-22T20:52:01","date_gmt":"2022-10-22T20:52:01","guid":{"rendered":"https:\/\/qirattery.oppned.com\/?page_id=41"},"modified":"2024-01-13T09:58:04","modified_gmt":"2024-01-13T09:58:04","slug":"sansa","status":"publish","type":"page","link":"https:\/\/qirattery.oppned.com\/index.php\/qirattery\/pensjonert\/sansa\/","title":{"rendered":"Sansa"},"content":{"rendered":"<div id='gallery-1' class='gallery galleryid-41 gallery-columns-3 gallery-size-thumbnail'><figure class='gallery-item'>\n\t\t\t<div class='gallery-icon landscape'>\n\t\t\t\t<a href='https:\/\/qirattery.oppned.com\/screenshot_20221127-130040-01\/'><img loading=\"lazy\" decoding=\"async\" width=\"150\" height=\"150\" src=\"https:\/\/qirattery.oppned.com\/wp-content\/uploads\/2022\/11\/Screenshot_20221127-130040-01-e1669578046569-150x150.jpeg\" class=\"attachment-thumbnail size-thumbnail\" alt=\"\" \/><\/a>\n\t\t\t<\/div><\/figure><figure class='gallery-item'>\n\t\t\t<div class='gallery-icon portrait'>\n\t\t\t\t<a href='https:\/\/qirattery.oppned.com\/snapchat-806449883\/'><img loading=\"lazy\" decoding=\"async\" width=\"150\" height=\"150\" src=\"https:\/\/qirattery.oppned.com\/wp-content\/uploads\/2022\/12\/Snapchat-806449883-scaled-e1669935938579-150x150.jpg\" class=\"attachment-thumbnail size-thumbnail\" alt=\"\" \/><\/a>\n\t\t\t<\/div><\/figure><figure class='gallery-item'>\n\t\t\t<div class='gallery-icon landscape'>\n\t\t\t\t<a href='https:\/\/qirattery.oppned.com\/img_20221130_171931_hdr\/'><img loading=\"lazy\" decoding=\"async\" width=\"150\" height=\"150\" src=\"https:\/\/qirattery.oppned.com\/wp-content\/uploads\/2022\/12\/IMG_20221130_171931_HDR-scaled-e1669936003661-150x150.jpg\" class=\"attachment-thumbnail size-thumbnail\" alt=\"\" \/><\/a>\n\t\t\t<\/div><\/figure>\n\t\t<\/div>\n\n<p>Kallenavn: Sansa<br>Kulltema: The Game of Thrones<br><em>F\u00f8dt:<\/em> 15\/10-22<br><em>Fenotype:<\/em> Russian Blue Undermarked Berkshire Dumbo Glatt<br><em>Genotype:<\/em> aa B- C- dd dudu G- Hh M- P- R- Rere&nbsp;<br><em>Mulig b\u00e6rer av:<\/em><\/p>\n<p><\/p>\n<p><a href=\"http:\/\/ratalog.se\/pp\/info.php?id=Ratuout%20Ratterys%20Sansa&amp;db=pedigree&amp;gens=4\">Stamtavle i ratalog<\/a><\/p>\n\n\n<p>Sansa er ei veldig aktiv rotte, som ikke har tid til \u00e5 sitte lenge stille \u00e5 kose, derimot liker hun veldig godt \u00e5 trene, og finner godt fokus n\u00e5r godbitene kommer frem og hun f\u00e5r bruke hjernen sin. <\/p>\n\n\n\n<p>Avlsstatus: planlagt parret i l\u00f8pet av h\u00f8sten 2023 for \u00e5 danne grunnlag for ei agility linje.<\/p>\n\n\n\n<ul><li>10\/12-22: 175 g<\/li><li>07\/01-23: 225 g<\/li><li>22\/01-23: 246 g<\/li><li>02\/02-23: 261 g<\/li><li>17\/07-23: 296g<\/li><li>20\/07-23: 300g<\/li><li>04\/09-23 satt sammen med Prince<\/li><li>06\/09-23: 318<\/li><li>07\/09-23: parret<\/li><li>08\/09-23: 325g<\/li><li>10\/09-23: 321g?<\/li><li>14\/09-23: 318g?<\/li><li>24\/09-23: 333g<\/li><li>17\/10-23: 360g<\/li><li>18\/10-23: 370g<\/li><li>20\/10-23: 364g?<\/li><li>25\/10-23: 398g<\/li><li>13\/01-24: 370g<\/li><\/ul>\n\n\n\n<p>? Er usikker m\u00e5ling da Sansa ikke ville sitte i ro <\/p>\n","protected":false},"excerpt":{"rendered":"<p>Kallenavn: SansaKulltema: The Game of ThronesF\u00f8dt: 15\/10-22Fenotype: Russian Blue Undermarked Berkshire Dumbo GlattGenotype: aa B- C- dd dudu G- Hh M- P- R- Rere&nbsp;Mulig b\u00e6rer av: Stamtavle i ratalog Sansa er ei veldig aktiv rotte, som ikke har tid til \u00e5 sitte lenge stille \u00e5 kose, derimot liker hun veldig godt \u00e5 trene, og finner [&hellip;]<\/p>\n","protected":false},"author":1,"featured_media":0,"parent":592,"menu_order":1,"comment_status":"closed","ping_status":"closed","template":"","meta":{"footnotes":""},"_links":{"self":[{"href":"https:\/\/qirattery.oppned.com\/index.php\/wp-json\/wp\/v2\/pages\/41"}],"collection":[{"href":"https:\/\/qirattery.oppned.com\/index.php\/wp-json\/wp\/v2\/pages"}],"about":[{"href":"https:\/\/qirattery.oppned.com\/index.php\/wp-json\/wp\/v2\/types\/page"}],"author":[{"embeddable":true,"href":"https:\/\/qirattery.oppned.com\/index.php\/wp-json\/wp\/v2\/users\/1"}],"replies":[{"embeddable":true,"href":"https:\/\/qirattery.oppned.com\/index.php\/wp-json\/wp\/v2\/comments?post=41"}],"version-history":[{"count":66,"href":"https:\/\/qirattery.oppned.com\/index.php\/wp-json\/wp\/v2\/pages\/41\/revisions"}],"predecessor-version":[{"id":682,"href":"https:\/\/qirattery.oppned.com\/index.php\/wp-json\/wp\/v2\/pages\/41\/revisions\/682"}],"up":[{"embeddable":true,"href":"https:\/\/qirattery.oppned.com\/index.php\/wp-json\/wp\/v2\/pages\/592"}],"wp:attachment":[{"href":"https:\/\/qirattery.oppned.com\/index.php\/wp-json\/wp\/v2\/media?parent=41"}],"curies":[{"name":"wp","href":"https:\/\/api.w.org\/{rel}","templated":true}]}}