{"id":395,"date":"2023-06-20T12:22:57","date_gmt":"2023-06-20T12:22:57","guid":{"rendered":"https:\/\/qirattery.oppned.com\/?page_id=395"},"modified":"2024-01-12T15:25:13","modified_gmt":"2024-01-12T15:25:13","slug":"prince","status":"publish","type":"page","link":"https:\/\/qirattery.oppned.com\/index.php\/qirattery\/pensjonert\/prince\/","title":{"rendered":"Prince"},"content":{"rendered":"\n<figure class=\"wp-block-gallery has-nested-images columns-4 is-cropped wp-block-gallery-1 is-layout-flex wp-block-gallery-is-layout-flex\"><\/figure>\n\n\n\n<p>Stamtavlenavn: Sjirafhjertets Prince<br>Kallenavn: Mephistopheles<br>Kulltema: Eplesorter<br><em>F\u00f8dt:<\/em> 13\/05-22<br><em>Reg.nr.:<\/em><br><em>Fenotype:<\/em> Black Self Missmarked Dumbo Rex<br><em>Genotype:<\/em> aa B- C- Dd dudu G- HH M- P- R- Rere Roro<br><em>Mulig b\u00e6rer av:<\/em> <\/p>\n\n\n\n<p><a href=\"http:\/\/ratalog.se\/pp\/info.php?id=Sjirafhjertets%20Prins&amp;db=pedigree&amp;gens=4\">Stamtavle i ratalog<\/a><\/p>\n\n\n\n<p>Avlsstatus: vurderes parret i l\u00f8pet av h\u00f8sten 23<\/p>\n\n\n\n<p>Liker, som broren \u00e5 kose, og kan sitte lenge, kommer n\u00e5r han ropes p\u00e5, men har en annan kroppstype en broren,  og ser ut til \u00e5 l\u00e6rer raskere og v\u00e6re mer aktiv. Vurderes som alternativ far til oppstart av agility linje, dersom jeg ikke finner ei hanrotte i regionen som er aktuell b\u00e5de jfr helse, gemytt og kjennskap til genetikk.<\/p>\n\n\n\n<ul><li>\/06-23: g<\/li><li>\/06-23: g<\/li><li>\/06-23: g<\/li><li>17\/07-23: 682g<\/li><li>17\/09-23: 651g<\/li><li>12\/01-24: 620g<\/li><\/ul>\n","protected":false},"excerpt":{"rendered":"<p>Stamtavlenavn: Sjirafhjertets PrinceKallenavn: MephistophelesKulltema: EplesorterF\u00f8dt: 13\/05-22Reg.nr.:Fenotype: Black Self Missmarked Dumbo RexGenotype: aa B- C- Dd dudu G- HH M- P- R- Rere RoroMulig b\u00e6rer av: Stamtavle i ratalog Avlsstatus: vurderes parret i l\u00f8pet av h\u00f8sten 23 Liker, som broren \u00e5 kose, og kan sitte lenge, kommer n\u00e5r han ropes p\u00e5, men har en annan kroppstype [&hellip;]<\/p>\n","protected":false},"author":1,"featured_media":0,"parent":592,"menu_order":0,"comment_status":"closed","ping_status":"closed","template":"","meta":{"footnotes":""},"_links":{"self":[{"href":"https:\/\/qirattery.oppned.com\/index.php\/wp-json\/wp\/v2\/pages\/395"}],"collection":[{"href":"https:\/\/qirattery.oppned.com\/index.php\/wp-json\/wp\/v2\/pages"}],"about":[{"href":"https:\/\/qirattery.oppned.com\/index.php\/wp-json\/wp\/v2\/types\/page"}],"author":[{"embeddable":true,"href":"https:\/\/qirattery.oppned.com\/index.php\/wp-json\/wp\/v2\/users\/1"}],"replies":[{"embeddable":true,"href":"https:\/\/qirattery.oppned.com\/index.php\/wp-json\/wp\/v2\/comments?post=395"}],"version-history":[{"count":20,"href":"https:\/\/qirattery.oppned.com\/index.php\/wp-json\/wp\/v2\/pages\/395\/revisions"}],"predecessor-version":[{"id":680,"href":"https:\/\/qirattery.oppned.com\/index.php\/wp-json\/wp\/v2\/pages\/395\/revisions\/680"}],"up":[{"embeddable":true,"href":"https:\/\/qirattery.oppned.com\/index.php\/wp-json\/wp\/v2\/pages\/592"}],"wp:attachment":[{"href":"https:\/\/qirattery.oppned.com\/index.php\/wp-json\/wp\/v2\/media?parent=395"}],"curies":[{"name":"wp","href":"https:\/\/api.w.org\/{rel}","templated":true}]}}