{"id":360,"date":"2023-01-07T18:01:41","date_gmt":"2023-01-07T18:01:41","guid":{"rendered":"https:\/\/qirattery.oppned.com\/?page_id=360"},"modified":"2023-09-12T11:20:45","modified_gmt":"2023-09-12T11:20:45","slug":"koseguttene","status":"publish","type":"page","link":"https:\/\/qirattery.oppned.com\/index.php\/qirattery\/pensjonert\/koseguttene\/","title":{"rendered":"Koseguttene"},"content":{"rendered":"\n<figure class=\"wp-block-image aligncenter size-full\"><img loading=\"lazy\" decoding=\"async\" width=\"512\" height=\"512\" src=\"https:\/\/qirattery.oppned.com\/wp-content\/uploads\/2023\/09\/vingar-og-rumle-edited.jpg\" alt=\"\" class=\"wp-image-589\" srcset=\"https:\/\/qirattery.oppned.com\/wp-content\/uploads\/2023\/09\/vingar-og-rumle-edited.jpg 512w, https:\/\/qirattery.oppned.com\/wp-content\/uploads\/2023\/09\/vingar-og-rumle-edited-300x300.jpg 300w, https:\/\/qirattery.oppned.com\/wp-content\/uploads\/2023\/09\/vingar-og-rumle-edited-150x150.jpg 150w\" sizes=\"(max-width: 512px) 100vw, 512px\" \/><\/figure>\n\n\n\n<p>Dette er to omplasseringsgutter som begge er siamese, og det er ansl\u00e5tt at de var f\u00f8dt i l\u00f8pet av sommer 2021, da de orginalt var kj\u00f8pt i dyrebutikk vet vi lite n\u00f8yaktig om de. <\/p>\n\n\n\n<p>Vingar gikk bort 11\/09-23.<\/p>\n\n\n\n<p>Dato : Vingar ~ Rumle<\/p>\n\n\n\n<p>07\/01-23: 663 ~ 596<\/p>\n\n\n\n<p>22\/01-23: 674<\/p>\n\n\n\n<p>17\/07-23: 647~596<\/p>\n\n\n\n<p><\/p>\n","protected":false},"excerpt":{"rendered":"<p>Dette er to omplasseringsgutter som begge er siamese, og det er ansl\u00e5tt at de var f\u00f8dt i l\u00f8pet av sommer 2021, da de orginalt var kj\u00f8pt i dyrebutikk vet vi lite n\u00f8yaktig om de. Vingar gikk bort 11\/09-23. Dato : Vingar ~ Rumle 07\/01-23: 663 ~ 596 22\/01-23: 674 17\/07-23: 647~596<\/p>\n","protected":false},"author":1,"featured_media":0,"parent":592,"menu_order":0,"comment_status":"closed","ping_status":"closed","template":"","meta":{"footnotes":""},"_links":{"self":[{"href":"https:\/\/qirattery.oppned.com\/index.php\/wp-json\/wp\/v2\/pages\/360"}],"collection":[{"href":"https:\/\/qirattery.oppned.com\/index.php\/wp-json\/wp\/v2\/pages"}],"about":[{"href":"https:\/\/qirattery.oppned.com\/index.php\/wp-json\/wp\/v2\/types\/page"}],"author":[{"embeddable":true,"href":"https:\/\/qirattery.oppned.com\/index.php\/wp-json\/wp\/v2\/users\/1"}],"replies":[{"embeddable":true,"href":"https:\/\/qirattery.oppned.com\/index.php\/wp-json\/wp\/v2\/comments?post=360"}],"version-history":[{"count":7,"href":"https:\/\/qirattery.oppned.com\/index.php\/wp-json\/wp\/v2\/pages\/360\/revisions"}],"predecessor-version":[{"id":641,"href":"https:\/\/qirattery.oppned.com\/index.php\/wp-json\/wp\/v2\/pages\/360\/revisions\/641"}],"up":[{"embeddable":true,"href":"https:\/\/qirattery.oppned.com\/index.php\/wp-json\/wp\/v2\/pages\/592"}],"wp:attachment":[{"href":"https:\/\/qirattery.oppned.com\/index.php\/wp-json\/wp\/v2\/media?parent=360"}],"curies":[{"name":"wp","href":"https:\/\/api.w.org\/{rel}","templated":true}]}}